{"id":4346,"date":"2023-11-04T16:06:46","date_gmt":"2023-11-04T16:06:46","guid":{"rendered":"https:\/\/www.jolleeness.com\/?post_type=product&#038;p=4346"},"modified":"2023-11-04T16:14:24","modified_gmt":"2023-11-04T16:14:24","slug":"brazil-wood-ring","status":"publish","type":"product","link":"http:\/\/www.jolleeness.com\/de\/produkt\/brazil-wood-ring\/","title":{"rendered":"Brasilien Holz Ring"},"content":{"rendered":"","protected":false},"excerpt":{"rendered":"<p>In dieser Kollektion pr\u00e4sentieren wir diesen schillernden und pr\u00e4chtigen Ring aus 18 Karat vergoldetem Jacarand\u00e1-Holz mit wei\u00dfen und ovalen Zirkonia in Smaragdfarbe.<\/p>\n<p>Das Grundmaterial besteht aus einer Metalllegierung aus Kupfer und Zink und ist vergoldet. Wir f\u00fcgen au\u00dferdem einen Schutzlack hinzu, der eine l\u00e4ngere Haltbarkeit des St\u00fccks garantiert. Unsere St\u00fccke enthalten kein Nickel in ihrer Zusammensetzung und wir verwenden auch eine antiallergische Schicht.<\/p>","protected":false},"featured_media":4347,"comment_status":"open","ping_status":"closed","template":"","meta":{"site-sidebar-layout":"default","site-content-layout":"","ast-site-content-layout":"default","site-content-style":"default","site-sidebar-style":"default","ast-global-header-display":"","ast-banner-title-visibility":"","ast-main-header-display":"","ast-hfb-above-header-display":"","ast-hfb-below-header-display":"","ast-hfb-mobile-header-display":"","site-post-title":"","ast-breadcrumbs-content":"","ast-featured-img":"","footer-sml-layout":"","theme-transparent-header-meta":"default","adv-header-id-meta":"","stick-header-meta":"","header-above-stick-meta":"","header-main-stick-meta":"","header-below-stick-meta":"","astra-migrate-meta-layouts":"set","ast-page-background-enabled":"default","ast-page-background-meta":{"desktop":{"background-color":"var(--ast-global-color-4)","background-image":"","background-repeat":"repeat","background-position":"center center","background-size":"auto","background-attachment":"scroll","background-type":"","background-media":"","overlay-type":"","overlay-color":"","overlay-opacity":"","overlay-gradient":""},"tablet":{"background-color":"","background-image":"","background-repeat":"repeat","background-position":"center center","background-size":"auto","background-attachment":"scroll","background-type":"","background-media":"","overlay-type":"","overlay-color":"","overlay-opacity":"","overlay-gradient":""},"mobile":{"background-color":"","background-image":"","background-repeat":"repeat","background-position":"center center","background-size":"auto","background-attachment":"scroll","background-type":"","background-media":"","overlay-type":"","overlay-color":"","overlay-opacity":"","overlay-gradient":""}},"ast-content-background-meta":{"desktop":{"background-color":"var(--ast-global-color-5)","background-image":"","background-repeat":"repeat","background-position":"center center","background-size":"auto","background-attachment":"scroll","background-type":"","background-media":"","overlay-type":"","overlay-color":"","overlay-opacity":"","overlay-gradient":""},"tablet":{"background-color":"var(--ast-global-color-5)","background-image":"","background-repeat":"repeat","background-position":"center center","background-size":"auto","background-attachment":"scroll","background-type":"","background-media":"","overlay-type":"","overlay-color":"","overlay-opacity":"","overlay-gradient":""},"mobile":{"background-color":"var(--ast-global-color-5)","background-image":"","background-repeat":"repeat","background-position":"center center","background-size":"auto","background-attachment":"scroll","background-type":"","background-media":"","overlay-type":"","overlay-color":"","overlay-opacity":"","overlay-gradient":""}}},"product_brand":[],"product_cat":[29,39],"product_tag":[],"class_list":{"0":"post-4346","1":"product","2":"type-product","3":"status-publish","4":"has-post-thumbnail","6":"product_cat-rings","7":"product_cat-splendor-collection","8":"desktop-align-left","9":"tablet-align-left","10":"mobile-align-left","12":"first","13":"instock","14":"taxable","15":"shipping-taxable","16":"purchasable","17":"product-type-variable"},"jetpack_sharing_enabled":true,"_links":{"self":[{"href":"http:\/\/www.jolleeness.com\/de\/wp-json\/wp\/v2\/product\/4346","targetHints":{"allow":["GET"]}}],"collection":[{"href":"http:\/\/www.jolleeness.com\/de\/wp-json\/wp\/v2\/product"}],"about":[{"href":"http:\/\/www.jolleeness.com\/de\/wp-json\/wp\/v2\/types\/product"}],"replies":[{"embeddable":true,"href":"http:\/\/www.jolleeness.com\/de\/wp-json\/wp\/v2\/comments?post=4346"}],"wp:featuredmedia":[{"embeddable":true,"href":"http:\/\/www.jolleeness.com\/de\/wp-json\/wp\/v2\/media\/4347"}],"wp:attachment":[{"href":"http:\/\/www.jolleeness.com\/de\/wp-json\/wp\/v2\/media?parent=4346"}],"wp:term":[{"taxonomy":"product_brand","embeddable":true,"href":"http:\/\/www.jolleeness.com\/de\/wp-json\/wp\/v2\/product_brand?post=4346"},{"taxonomy":"product_cat","embeddable":true,"href":"http:\/\/www.jolleeness.com\/de\/wp-json\/wp\/v2\/product_cat?post=4346"},{"taxonomy":"product_tag","embeddable":true,"href":"http:\/\/www.jolleeness.com\/de\/wp-json\/wp\/v2\/product_tag?post=4346"}],"curies":[{"name":"wp","href":"https:\/\/api.w.org\/{rel}","templated":true}]}}