{"id":2577,"date":"2021-11-14T13:09:18","date_gmt":"2021-11-14T13:09:18","guid":{"rendered":"https:\/\/www.jolleeness.com\/?post_type=product&#038;p=2577"},"modified":"2024-06-30T12:14:23","modified_gmt":"2024-06-30T12:14:23","slug":"black-natural-cuff-earrings","status":"publish","type":"product","link":"http:\/\/www.jolleeness.com\/es\/producto\/black-natural-cuff-earrings\/","title":{"rendered":"Pendientes pu\u00f1o naturales negros"},"content":{"rendered":"","protected":false},"excerpt":{"rendered":"<h6><strong>Los pendientes est\u00e1n hechos de plata de ley 925.<\/strong><\/h6>\n<h6>La plata esterlina es una aleaci\u00f3n de plata que contiene un m\u00ednimo de 92,5% en masa de plata y 7,5% de otros metales; generalmente cobre, aunque tambi\u00e9n son comunes el zinc y el platino. Esta combinaci\u00f3n lo hace m\u00e1s resistente a da\u00f1os y rayones.<\/h6>\n<h6>Las joyas de Plata de Ley 925 son piezas de gran calidad.<br \/>\n<strong>Las joyas pueden permanecer intactas durante un largo per\u00edodo de tiempo si se cuidan bien.\nTodos los productos no contienen n\u00edquel ni plomo y no provocan reacciones cut\u00e1neas.<\/strong><\/h6>\n<h6><strong>Todos los productos no contienen n\u00edquel ni plomo y no provocan reacciones cut\u00e1neas.<\/strong><\/h6>\n<p>&nbsp;<\/p>\n<h6><strong>Metal: Plata de Ley \/ Circonita<\/strong><\/h6>\n<h6><strong>Sello: 925<\/strong><\/h6>\n<h6><strong>Tama\u00f1o: 44 x 12 mm<\/strong><\/h6>\n<h6><strong>Peso: 7g<\/strong><\/h6>\n<h6><strong>Color del metal chapado: Oro \/ Rodio \/ Rosa<\/strong><\/h6>","protected":false},"featured_media":2579,"comment_status":"open","ping_status":"closed","template":"","meta":{"site-sidebar-layout":"default","site-content-layout":"default","ast-site-content-layout":"default","site-content-style":"default","site-sidebar-style":"default","ast-global-header-display":"","ast-banner-title-visibility":"","ast-main-header-display":"","ast-hfb-above-header-display":"","ast-hfb-below-header-display":"","ast-hfb-mobile-header-display":"","site-post-title":"","ast-breadcrumbs-content":"","ast-featured-img":"","footer-sml-layout":"","theme-transparent-header-meta":"default","adv-header-id-meta":"","stick-header-meta":"","header-above-stick-meta":"","header-main-stick-meta":"","header-below-stick-meta":"","astra-migrate-meta-layouts":"set","ast-page-background-enabled":"default","ast-page-background-meta":{"desktop":{"background-color":"var(--ast-global-color-4)","background-image":"","background-repeat":"repeat","background-position":"center center","background-size":"auto","background-attachment":"scroll","background-type":"","background-media":"","overlay-type":"","overlay-color":"","overlay-opacity":"","overlay-gradient":""},"tablet":{"background-color":"","background-image":"","background-repeat":"repeat","background-position":"center center","background-size":"auto","background-attachment":"scroll","background-type":"","background-media":"","overlay-type":"","overlay-color":"","overlay-opacity":"","overlay-gradient":""},"mobile":{"background-color":"","background-image":"","background-repeat":"repeat","background-position":"center center","background-size":"auto","background-attachment":"scroll","background-type":"","background-media":"","overlay-type":"","overlay-color":"","overlay-opacity":"","overlay-gradient":""}},"ast-content-background-meta":{"desktop":{"background-color":"var(--ast-global-color-5)","background-image":"","background-repeat":"repeat","background-position":"center center","background-size":"auto","background-attachment":"scroll","background-type":"","background-media":"","overlay-type":"","overlay-color":"","overlay-opacity":"","overlay-gradient":""},"tablet":{"background-color":"var(--ast-global-color-5)","background-image":"","background-repeat":"repeat","background-position":"center center","background-size":"auto","background-attachment":"scroll","background-type":"","background-media":"","overlay-type":"","overlay-color":"","overlay-opacity":"","overlay-gradient":""},"mobile":{"background-color":"var(--ast-global-color-5)","background-image":"","background-repeat":"repeat","background-position":"center center","background-size":"auto","background-attachment":"scroll","background-type":"","background-media":"","overlay-type":"","overlay-color":"","overlay-opacity":"","overlay-gradient":""}}},"product_brand":[],"product_cat":[31,25],"product_tag":[],"class_list":{"0":"post-2577","1":"product","2":"type-product","3":"status-publish","4":"has-post-thumbnail","6":"product_cat-925-sterling-silver","7":"product_cat-earrings","8":"desktop-align-left","9":"tablet-align-left","10":"mobile-align-left","12":"first","13":"instock","14":"taxable","15":"shipping-taxable","16":"purchasable","17":"product-type-variable"},"jetpack_sharing_enabled":true,"_links":{"self":[{"href":"http:\/\/www.jolleeness.com\/es\/wp-json\/wp\/v2\/product\/2577","targetHints":{"allow":["GET"]}}],"collection":[{"href":"http:\/\/www.jolleeness.com\/es\/wp-json\/wp\/v2\/product"}],"about":[{"href":"http:\/\/www.jolleeness.com\/es\/wp-json\/wp\/v2\/types\/product"}],"replies":[{"embeddable":true,"href":"http:\/\/www.jolleeness.com\/es\/wp-json\/wp\/v2\/comments?post=2577"}],"wp:featuredmedia":[{"embeddable":true,"href":"http:\/\/www.jolleeness.com\/es\/wp-json\/wp\/v2\/media\/2579"}],"wp:attachment":[{"href":"http:\/\/www.jolleeness.com\/es\/wp-json\/wp\/v2\/media?parent=2577"}],"wp:term":[{"taxonomy":"product_brand","embeddable":true,"href":"http:\/\/www.jolleeness.com\/es\/wp-json\/wp\/v2\/product_brand?post=2577"},{"taxonomy":"product_cat","embeddable":true,"href":"http:\/\/www.jolleeness.com\/es\/wp-json\/wp\/v2\/product_cat?post=2577"},{"taxonomy":"product_tag","embeddable":true,"href":"http:\/\/www.jolleeness.com\/es\/wp-json\/wp\/v2\/product_tag?post=2577"}],"curies":[{"name":"wp","href":"https:\/\/api.w.org\/{rel}","templated":true}]}}