{"id":362,"date":"2021-09-22T15:59:02","date_gmt":"2021-09-22T15:59:02","guid":{"rendered":"https:\/\/www.jolleeness.com\/?page_id=362"},"modified":"2021-11-08T17:39:26","modified_gmt":"2021-11-08T17:39:26","slug":"terms-of-payment","status":"publish","type":"page","link":"http:\/\/www.jolleeness.com\/it\/terms-of-payment\/","title":{"rendered":"TERMS OF PAYMENT"},"content":{"rendered":"<div data-elementor-type=\"wp-page\" data-elementor-id=\"362\" class=\"elementor elementor-362\" data-elementor-post-type=\"page\">\n\t\t\t\t\t\t<section class=\"elementor-section elementor-top-section elementor-element elementor-element-00e8b5c elementor-section-boxed elementor-section-height-default elementor-section-height-default\" data-id=\"00e8b5c\" data-element_type=\"section\" data-e-type=\"section\" data-settings=\"{&quot;background_background&quot;:&quot;classic&quot;}\">\n\t\t\t\t\t\t\t<div class=\"elementor-background-overlay\"><\/div>\n\t\t\t\t\t\t\t<div class=\"elementor-container elementor-column-gap-default\">\n\t\t\t\t\t<div class=\"elementor-column elementor-col-100 elementor-top-column elementor-element elementor-element-cd7143f\" data-id=\"cd7143f\" data-element_type=\"column\" data-e-type=\"column\">\n\t\t\t<div class=\"elementor-widget-wrap elementor-element-populated\">\n\t\t\t\t\t\t<div class=\"elementor-element elementor-element-e248905 elementor-widget-divider--view-line_text elementor-widget elementor-widget-divider\" data-id=\"e248905\" data-element_type=\"widget\" data-e-type=\"widget\" data-widget_type=\"divider.default\">\n\t\t\t\t<div class=\"elementor-widget-container\">\n\t\t\t\t\t\t\t<div class=\"elementor-divider\">\n\t\t\t<span class=\"elementor-divider-separator\">\n\t\t\t\t\t\t\t<span class=\"elementor-divider__text elementor-divider__element\">\n\t\t\t\tCondizioni di Pagamento\t\t\t\t<\/span>\n\t\t\t\t\t\t<\/span>\n\t\t<\/div>\n\t\t\t\t\t\t<\/div>\n\t\t\t\t<\/div>\n\t\t\t\t\t<\/div>\n\t\t<\/div>\n\t\t\t\t\t<\/div>\n\t\t<\/section>\n\t\t\t\t<section class=\"elementor-section elementor-top-section elementor-element elementor-element-f542b53 elementor-section-boxed elementor-section-height-default elementor-section-height-default\" data-id=\"f542b53\" data-element_type=\"section\" data-e-type=\"section\">\n\t\t\t\t\t\t<div class=\"elementor-container elementor-column-gap-default\">\n\t\t\t\t\t<div class=\"elementor-column elementor-col-50 elementor-top-column elementor-element elementor-element-621502c\" data-id=\"621502c\" data-element_type=\"column\" data-e-type=\"column\">\n\t\t\t<div class=\"elementor-widget-wrap elementor-element-populated\">\n\t\t\t\t\t\t<div class=\"elementor-element elementor-element-dfbb213 elementor-widget elementor-widget-image\" data-id=\"dfbb213\" data-element_type=\"widget\" data-e-type=\"widget\" data-widget_type=\"image.default\">\n\t\t\t\t<div class=\"elementor-widget-container\">\n\t\t\t\t\t\t\t\t\t\t\t\t\t\t\t<img fetchpriority=\"high\" decoding=\"async\" width=\"914\" height=\"482\" src=\"https:\/\/www.jolleeness.com\/wp-content\/uploads\/2021\/10\/buymethod.png\" class=\"attachment-full size-full wp-image-1944\" alt=\"\" srcset=\"https:\/\/www.jolleeness.com\/wp-content\/uploads\/2021\/10\/buymethod.png 914w, https:\/\/www.jolleeness.com\/wp-content\/uploads\/2021\/10\/buymethod-300x158.png 300w, https:\/\/www.jolleeness.com\/wp-content\/uploads\/2021\/10\/buymethod-768x405.png 768w, https:\/\/www.jolleeness.com\/wp-content\/uploads\/2021\/10\/buymethod-600x316.png 600w\" sizes=\"(max-width: 914px) 100vw, 914px\" \/>\t\t\t\t\t\t\t\t\t\t\t\t\t\t\t<\/div>\n\t\t\t\t<\/div>\n\t\t\t\t\t<\/div>\n\t\t<\/div>\n\t\t\t\t<div class=\"elementor-column elementor-col-50 elementor-top-column elementor-element elementor-element-970e560\" data-id=\"970e560\" data-element_type=\"column\" data-e-type=\"column\">\n\t\t\t<div class=\"elementor-widget-wrap elementor-element-populated\">\n\t\t\t\t\t\t<div class=\"elementor-element elementor-element-b99c1a0 elementor-widget elementor-widget-heading\" data-id=\"b99c1a0\" data-element_type=\"widget\" data-e-type=\"widget\" data-widget_type=\"heading.default\">\n\t\t\t\t<div class=\"elementor-widget-container\">\n\t\t\t\t\t<h2 class=\"elementor-heading-title elementor-size-default\"><br>Tutti i prezzi utilizzati da <b>GELOSITA' <\/b>sono espressi in franchi e sono comprensivi di IVA (7,7%). <b>GELOSITA' <\/b>ha il diritto di modificare tutti i prezzi dei suoi prodotti o servizi, indicati sul suo sito web.<br>Il prezzo dell'ordine o del prodotto \u00e8 stimato al tasso di cambio della Banca Centrale d'Europa. Ci\u00f2 significa che l'importo totale pu\u00f2 differire da quello indicato sul nostro sito web a causa delle differenze nei tassi di cambio della banca acquirente e della banca emittente. <br>L'importo totale nella vostra valuta sar\u00e0 visibile alla fine del checkout.\n<br><br><b><u>METODI DI PAGAMENTO:\n<\/u><\/b><br>Offriamo diverse opzioni di pagamento per la vostra convenienza.\nI nostri metodi di pagamento includono:<br>\n<br><b>- Paypal\n<br>- Carte di credito\n<br>- Sofort\n<br>- Apple pay\n<br>- Google paga\n<br>- Giropay\n<br>- Bonifico bancario<\/b><br><br><\/h2>\t\t\t\t<\/div>\n\t\t\t\t<\/div>\n\t\t\t\t\t<\/div>\n\t\t<\/div>\n\t\t\t\t\t<\/div>\n\t\t<\/section>\n\t\t\t\t<\/div>","protected":false},"excerpt":{"rendered":"<p>Terms of Payment All prices used by JOLLEENESS are in francos and are inclusive of VAT (7.7%). JOLLEENESS is entitled to adjust all prices for its products or services, shown on its website.The price of your order or the product is estimated at the exchange rate of the Central Bank of Europe. This means that [&hellip;]<\/p>\n","protected":false},"author":1,"featured_media":0,"parent":0,"menu_order":0,"comment_status":"closed","ping_status":"closed","template":"","meta":{"site-sidebar-layout":"no-sidebar","site-content-layout":"page-builder","ast-site-content-layout":"","site-content-style":"default","site-sidebar-style":"default","ast-global-header-display":"","ast-banner-title-visibility":"","ast-main-header-display":"","ast-hfb-above-header-display":"","ast-hfb-below-header-display":"","ast-hfb-mobile-header-display":"","site-post-title":"disabled","ast-breadcrumbs-content":"","ast-featured-img":"disabled","footer-sml-layout":"","theme-transparent-header-meta":"default","adv-header-id-meta":"","stick-header-meta":"","header-above-stick-meta":"","header-main-stick-meta":"","header-below-stick-meta":"","astra-migrate-meta-layouts":"default","ast-page-background-enabled":"default","ast-page-background-meta":{"desktop":{"background-color":"var(--ast-global-color-4)","background-image":"","background-repeat":"repeat","background-position":"center center","background-size":"auto","background-attachment":"scroll","background-type":"","background-media":"","overlay-type":"","overlay-color":"","overlay-opacity":"","overlay-gradient":""},"tablet":{"background-color":"","background-image":"","background-repeat":"repeat","background-position":"center center","background-size":"auto","background-attachment":"scroll","background-type":"","background-media":"","overlay-type":"","overlay-color":"","overlay-opacity":"","overlay-gradient":""},"mobile":{"background-color":"","background-image":"","background-repeat":"repeat","background-position":"center center","background-size":"auto","background-attachment":"scroll","background-type":"","background-media":"","overlay-type":"","overlay-color":"","overlay-opacity":"","overlay-gradient":""}},"ast-content-background-meta":{"desktop":{"background-color":"var(--ast-global-color-5)","background-image":"","background-repeat":"repeat","background-position":"center center","background-size":"auto","background-attachment":"scroll","background-type":"","background-media":"","overlay-type":"","overlay-color":"","overlay-opacity":"","overlay-gradient":""},"tablet":{"background-color":"var(--ast-global-color-5)","background-image":"","background-repeat":"repeat","background-position":"center center","background-size":"auto","background-attachment":"scroll","background-type":"","background-media":"","overlay-type":"","overlay-color":"","overlay-opacity":"","overlay-gradient":""},"mobile":{"background-color":"var(--ast-global-color-5)","background-image":"","background-repeat":"repeat","background-position":"center center","background-size":"auto","background-attachment":"scroll","background-type":"","background-media":"","overlay-type":"","overlay-color":"","overlay-opacity":"","overlay-gradient":""}},"footnotes":""},"class_list":["post-362","page","type-page","status-publish","hentry"],"jetpack_sharing_enabled":true,"_links":{"self":[{"href":"http:\/\/www.jolleeness.com\/it\/wp-json\/wp\/v2\/pages\/362","targetHints":{"allow":["GET"]}}],"collection":[{"href":"http:\/\/www.jolleeness.com\/it\/wp-json\/wp\/v2\/pages"}],"about":[{"href":"http:\/\/www.jolleeness.com\/it\/wp-json\/wp\/v2\/types\/page"}],"author":[{"embeddable":true,"href":"http:\/\/www.jolleeness.com\/it\/wp-json\/wp\/v2\/users\/1"}],"replies":[{"embeddable":true,"href":"http:\/\/www.jolleeness.com\/it\/wp-json\/wp\/v2\/comments?post=362"}],"version-history":[{"count":0,"href":"http:\/\/www.jolleeness.com\/it\/wp-json\/wp\/v2\/pages\/362\/revisions"}],"wp:attachment":[{"href":"http:\/\/www.jolleeness.com\/it\/wp-json\/wp\/v2\/media?parent=362"}],"curies":[{"name":"wp","href":"https:\/\/api.w.org\/{rel}","templated":true}]}}