{"id":1120,"date":"2021-10-03T11:48:51","date_gmt":"2021-10-03T11:48:51","guid":{"rendered":"https:\/\/www.jolleeness.com\/?post_type=product&#038;p=1120"},"modified":"2024-06-30T20:40:14","modified_gmt":"2024-06-30T20:40:14","slug":"tunnel-earrings","status":"publish","type":"product","link":"http:\/\/www.jolleeness.com\/pt\/produto\/tunnel-earrings\/","title":{"rendered":"Brincos em forma de t\u00fanel"},"content":{"rendered":"","protected":false},"excerpt":{"rendered":"<h6><strong>The earrings are made of stainless steel material with 14k gold plating.<\/strong><br \/>\n<strong>Todas as j\u00f3ias podem permanecer intactas durante um longo per\u00edodo de tempo se forem bem cuidadas.<\/strong><br \/>\n<strong>Todos os produtos s\u00e3o isentos de n\u00edquel e chumbo e n\u00e3o provocam reac\u00e7\u00f5es cut\u00e2neas.<\/strong><\/h6>\n<p>&nbsp;<\/p>\n<h6><strong>Material: A\u00e7o inoxid\u00e1vel<\/strong><br \/>\nSize: 2,2cm<\/h6>\n<h6><strong>Cor: dourado<\/strong><\/h6>\n<h6><strong>Peso: 7g<\/strong><\/h6>","protected":false},"featured_media":4767,"comment_status":"open","ping_status":"closed","template":"","meta":{"site-sidebar-layout":"default","site-content-layout":"default","ast-site-content-layout":"default","site-content-style":"default","site-sidebar-style":"default","ast-global-header-display":"","ast-banner-title-visibility":"","ast-main-header-display":"","ast-hfb-above-header-display":"","ast-hfb-below-header-display":"","ast-hfb-mobile-header-display":"","site-post-title":"","ast-breadcrumbs-content":"","ast-featured-img":"","footer-sml-layout":"","theme-transparent-header-meta":"default","adv-header-id-meta":"","stick-header-meta":"","header-above-stick-meta":"","header-main-stick-meta":"","header-below-stick-meta":"","astra-migrate-meta-layouts":"set","ast-page-background-enabled":"default","ast-page-background-meta":{"desktop":{"background-color":"var(--ast-global-color-4)","background-image":"","background-repeat":"repeat","background-position":"center center","background-size":"auto","background-attachment":"scroll","background-type":"","background-media":"","overlay-type":"","overlay-color":"","overlay-opacity":"","overlay-gradient":""},"tablet":{"background-color":"","background-image":"","background-repeat":"repeat","background-position":"center center","background-size":"auto","background-attachment":"scroll","background-type":"","background-media":"","overlay-type":"","overlay-color":"","overlay-opacity":"","overlay-gradient":""},"mobile":{"background-color":"","background-image":"","background-repeat":"repeat","background-position":"center center","background-size":"auto","background-attachment":"scroll","background-type":"","background-media":"","overlay-type":"","overlay-color":"","overlay-opacity":"","overlay-gradient":""}},"ast-content-background-meta":{"desktop":{"background-color":"var(--ast-global-color-5)","background-image":"","background-repeat":"repeat","background-position":"center center","background-size":"auto","background-attachment":"scroll","background-type":"","background-media":"","overlay-type":"","overlay-color":"","overlay-opacity":"","overlay-gradient":""},"tablet":{"background-color":"var(--ast-global-color-5)","background-image":"","background-repeat":"repeat","background-position":"center center","background-size":"auto","background-attachment":"scroll","background-type":"","background-media":"","overlay-type":"","overlay-color":"","overlay-opacity":"","overlay-gradient":""},"mobile":{"background-color":"var(--ast-global-color-5)","background-image":"","background-repeat":"repeat","background-position":"center center","background-size":"auto","background-attachment":"scroll","background-type":"","background-media":"","overlay-type":"","overlay-color":"","overlay-opacity":"","overlay-gradient":""}}},"product_brand":[],"product_cat":[34,25,37],"product_tag":[],"class_list":{"0":"post-1120","1":"product","2":"type-product","3":"status-publish","4":"has-post-thumbnail","6":"product_cat-all-14k-gold-jewelry","7":"product_cat-earrings","8":"product_cat-sale","9":"desktop-align-left","10":"tablet-align-left","11":"mobile-align-left","13":"first","14":"instock","15":"sale","16":"taxable","17":"shipping-taxable","18":"purchasable","19":"product-type-simple"},"jetpack_sharing_enabled":true,"_links":{"self":[{"href":"http:\/\/www.jolleeness.com\/pt\/wp-json\/wp\/v2\/product\/1120","targetHints":{"allow":["GET"]}}],"collection":[{"href":"http:\/\/www.jolleeness.com\/pt\/wp-json\/wp\/v2\/product"}],"about":[{"href":"http:\/\/www.jolleeness.com\/pt\/wp-json\/wp\/v2\/types\/product"}],"replies":[{"embeddable":true,"href":"http:\/\/www.jolleeness.com\/pt\/wp-json\/wp\/v2\/comments?post=1120"}],"wp:featuredmedia":[{"embeddable":true,"href":"http:\/\/www.jolleeness.com\/pt\/wp-json\/wp\/v2\/media\/4767"}],"wp:attachment":[{"href":"http:\/\/www.jolleeness.com\/pt\/wp-json\/wp\/v2\/media?parent=1120"}],"wp:term":[{"taxonomy":"product_brand","embeddable":true,"href":"http:\/\/www.jolleeness.com\/pt\/wp-json\/wp\/v2\/product_brand?post=1120"},{"taxonomy":"product_cat","embeddable":true,"href":"http:\/\/www.jolleeness.com\/pt\/wp-json\/wp\/v2\/product_cat?post=1120"},{"taxonomy":"product_tag","embeddable":true,"href":"http:\/\/www.jolleeness.com\/pt\/wp-json\/wp\/v2\/product_tag?post=1120"}],"curies":[{"name":"wp","href":"https:\/\/api.w.org\/{rel}","templated":true}]}}