{"id":2577,"date":"2021-11-14T13:09:18","date_gmt":"2021-11-14T13:09:18","guid":{"rendered":"https:\/\/www.jolleeness.com\/?post_type=product&#038;p=2577"},"modified":"2024-06-30T12:14:23","modified_gmt":"2024-06-30T12:14:23","slug":"black-natural-cuff-earrings","status":"publish","type":"product","link":"http:\/\/www.jolleeness.com\/pt\/produto\/black-natural-cuff-earrings\/","title":{"rendered":"Brincos de punho naturais pretos"},"content":{"rendered":"","protected":false},"excerpt":{"rendered":"<h6><strong>Os brincos s\u00e3o feitos de prata esterlina 925.<\/strong><\/h6>\n<h6>A prata de lei \u00e9 uma liga de prata que cont\u00e9m um m\u00ednimo de 92,5% em massa de prata e 7,5% de outros metais; geralmente cobre, embora o zinco e a platina tamb\u00e9m sejam comuns. Esta combina\u00e7\u00e3o torna-a mais resistente a danos e riscos.<\/h6>\n<h6>As j\u00f3ias de prata esterlina 925 s\u00e3o pe\u00e7as de alta qualidade.<br \/>\n<strong>As j\u00f3ias podem permanecer intactas durante um longo per\u00edodo de tempo se forem bem cuidadas.<\/strong><\/h6>\n<h6><strong>Todos os produtos s\u00e3o isentos de n\u00edquel e chumbo e n\u00e3o provocam reac\u00e7\u00f5es cut\u00e2neas.<\/strong><\/h6>\n<p>&nbsp;<\/p>\n<h6><strong>Metal: Prata de lei \/ Zirc\u00f3nia<\/strong><\/h6>\n<h6><strong>Marca registada: 925<\/strong><\/h6>\n<h6><strong>Tamanho: 44 x 12mm<\/strong><\/h6>\n<h6><strong>Peso: 7g<\/strong><\/h6>\n<h6><strong>Cor do metal banhado: Ouro \/ R\u00f3dio \/ Rosa<\/strong><\/h6>","protected":false},"featured_media":2579,"comment_status":"open","ping_status":"closed","template":"","meta":{"site-sidebar-layout":"default","site-content-layout":"default","ast-site-content-layout":"default","site-content-style":"default","site-sidebar-style":"default","ast-global-header-display":"","ast-banner-title-visibility":"","ast-main-header-display":"","ast-hfb-above-header-display":"","ast-hfb-below-header-display":"","ast-hfb-mobile-header-display":"","site-post-title":"","ast-breadcrumbs-content":"","ast-featured-img":"","footer-sml-layout":"","theme-transparent-header-meta":"default","adv-header-id-meta":"","stick-header-meta":"","header-above-stick-meta":"","header-main-stick-meta":"","header-below-stick-meta":"","astra-migrate-meta-layouts":"set","ast-page-background-enabled":"default","ast-page-background-meta":{"desktop":{"background-color":"var(--ast-global-color-4)","background-image":"","background-repeat":"repeat","background-position":"center center","background-size":"auto","background-attachment":"scroll","background-type":"","background-media":"","overlay-type":"","overlay-color":"","overlay-opacity":"","overlay-gradient":""},"tablet":{"background-color":"","background-image":"","background-repeat":"repeat","background-position":"center center","background-size":"auto","background-attachment":"scroll","background-type":"","background-media":"","overlay-type":"","overlay-color":"","overlay-opacity":"","overlay-gradient":""},"mobile":{"background-color":"","background-image":"","background-repeat":"repeat","background-position":"center center","background-size":"auto","background-attachment":"scroll","background-type":"","background-media":"","overlay-type":"","overlay-color":"","overlay-opacity":"","overlay-gradient":""}},"ast-content-background-meta":{"desktop":{"background-color":"var(--ast-global-color-5)","background-image":"","background-repeat":"repeat","background-position":"center center","background-size":"auto","background-attachment":"scroll","background-type":"","background-media":"","overlay-type":"","overlay-color":"","overlay-opacity":"","overlay-gradient":""},"tablet":{"background-color":"var(--ast-global-color-5)","background-image":"","background-repeat":"repeat","background-position":"center center","background-size":"auto","background-attachment":"scroll","background-type":"","background-media":"","overlay-type":"","overlay-color":"","overlay-opacity":"","overlay-gradient":""},"mobile":{"background-color":"var(--ast-global-color-5)","background-image":"","background-repeat":"repeat","background-position":"center center","background-size":"auto","background-attachment":"scroll","background-type":"","background-media":"","overlay-type":"","overlay-color":"","overlay-opacity":"","overlay-gradient":""}}},"product_brand":[],"product_cat":[25,31],"product_tag":[],"class_list":{"0":"post-2577","1":"product","2":"type-product","3":"status-publish","4":"has-post-thumbnail","6":"product_cat-earrings","7":"product_cat-925-sterling-silver","8":"desktop-align-left","9":"tablet-align-left","10":"mobile-align-left","12":"first","13":"instock","14":"taxable","15":"shipping-taxable","16":"purchasable","17":"product-type-variable"},"jetpack_sharing_enabled":true,"_links":{"self":[{"href":"http:\/\/www.jolleeness.com\/pt\/wp-json\/wp\/v2\/product\/2577","targetHints":{"allow":["GET"]}}],"collection":[{"href":"http:\/\/www.jolleeness.com\/pt\/wp-json\/wp\/v2\/product"}],"about":[{"href":"http:\/\/www.jolleeness.com\/pt\/wp-json\/wp\/v2\/types\/product"}],"replies":[{"embeddable":true,"href":"http:\/\/www.jolleeness.com\/pt\/wp-json\/wp\/v2\/comments?post=2577"}],"wp:featuredmedia":[{"embeddable":true,"href":"http:\/\/www.jolleeness.com\/pt\/wp-json\/wp\/v2\/media\/2579"}],"wp:attachment":[{"href":"http:\/\/www.jolleeness.com\/pt\/wp-json\/wp\/v2\/media?parent=2577"}],"wp:term":[{"taxonomy":"product_brand","embeddable":true,"href":"http:\/\/www.jolleeness.com\/pt\/wp-json\/wp\/v2\/product_brand?post=2577"},{"taxonomy":"product_cat","embeddable":true,"href":"http:\/\/www.jolleeness.com\/pt\/wp-json\/wp\/v2\/product_cat?post=2577"},{"taxonomy":"product_tag","embeddable":true,"href":"http:\/\/www.jolleeness.com\/pt\/wp-json\/wp\/v2\/product_tag?post=2577"}],"curies":[{"name":"wp","href":"https:\/\/api.w.org\/{rel}","templated":true}]}}