{"id":4633,"date":"2024-02-29T21:46:28","date_gmt":"2024-02-29T21:46:28","guid":{"rendered":"https:\/\/www.jolleeness.com\/?post_type=product&#038;p=4633"},"modified":"2024-02-29T21:46:28","modified_gmt":"2024-02-29T21:46:28","slug":"divine-yellow-pearl-bracelet","status":"publish","type":"product","link":"https:\/\/www.jolleeness.com\/de\/produkt\/divine-yellow-pearl-bracelet\/","title":{"rendered":"G\u00f6ttliches gelbes Perlenarmband"},"content":{"rendered":"","protected":false},"excerpt":{"rendered":"<p>Bracelet with yellow rectangular crystal and 18k gold-plated shell pearl.<\/p>\n<p>Das Grundmaterial besteht aus einer Metalllegierung aus Kupfer und Zink und ist vergoldet. Wir f\u00fcgen au\u00dferdem einen Schutzlack hinzu, der eine l\u00e4ngere Haltbarkeit des St\u00fccks garantiert. Unsere St\u00fccke enthalten kein Nickel in ihrer Zusammensetzung und wir verwenden auch eine antiallergische Schicht.<\/p>\n<p>Weight: 7.00g<br \/>\nLength: 20cm<br \/>\nDiameter: Bracelet 6.6cm and Pearl 11mm<br \/>\nWidth: 2mm<\/p>","protected":false},"featured_media":4629,"comment_status":"open","ping_status":"closed","template":"","meta":{"site-sidebar-layout":"default","site-content-layout":"","ast-site-content-layout":"default","site-content-style":"default","site-sidebar-style":"default","ast-global-header-display":"","ast-banner-title-visibility":"","ast-main-header-display":"","ast-hfb-above-header-display":"","ast-hfb-below-header-display":"","ast-hfb-mobile-header-display":"","site-post-title":"","ast-breadcrumbs-content":"","ast-featured-img":"","footer-sml-layout":"","theme-transparent-header-meta":"default","adv-header-id-meta":"","stick-header-meta":"","header-above-stick-meta":"","header-main-stick-meta":"","header-below-stick-meta":"","astra-migrate-meta-layouts":"set","ast-page-background-enabled":"default","ast-page-background-meta":{"desktop":{"background-color":"var(--ast-global-color-4)","background-image":"","background-repeat":"repeat","background-position":"center center","background-size":"auto","background-attachment":"scroll","background-type":"","background-media":"","overlay-type":"","overlay-color":"","overlay-opacity":"","overlay-gradient":""},"tablet":{"background-color":"","background-image":"","background-repeat":"repeat","background-position":"center center","background-size":"auto","background-attachment":"scroll","background-type":"","background-media":"","overlay-type":"","overlay-color":"","overlay-opacity":"","overlay-gradient":""},"mobile":{"background-color":"","background-image":"","background-repeat":"repeat","background-position":"center center","background-size":"auto","background-attachment":"scroll","background-type":"","background-media":"","overlay-type":"","overlay-color":"","overlay-opacity":"","overlay-gradient":""}},"ast-content-background-meta":{"desktop":{"background-color":"var(--ast-global-color-5)","background-image":"","background-repeat":"repeat","background-position":"center center","background-size":"auto","background-attachment":"scroll","background-type":"","background-media":"","overlay-type":"","overlay-color":"","overlay-opacity":"","overlay-gradient":""},"tablet":{"background-color":"var(--ast-global-color-5)","background-image":"","background-repeat":"repeat","background-position":"center center","background-size":"auto","background-attachment":"scroll","background-type":"","background-media":"","overlay-type":"","overlay-color":"","overlay-opacity":"","overlay-gradient":""},"mobile":{"background-color":"var(--ast-global-color-5)","background-image":"","background-repeat":"repeat","background-position":"center center","background-size":"auto","background-attachment":"scroll","background-type":"","background-media":"","overlay-type":"","overlay-color":"","overlay-opacity":"","overlay-gradient":""}}},"product_brand":[],"product_cat":[28,39],"product_tag":[],"class_list":{"0":"post-4633","1":"product","2":"type-product","3":"status-publish","4":"has-post-thumbnail","6":"product_cat-bracelets","7":"product_cat-splendor-collection","8":"desktop-align-left","9":"tablet-align-left","10":"mobile-align-left","12":"first","13":"instock","14":"taxable","15":"shipping-taxable","16":"purchasable","17":"product-type-simple"},"jetpack_sharing_enabled":true,"_links":{"self":[{"href":"https:\/\/www.jolleeness.com\/de\/wp-json\/wp\/v2\/product\/4633","targetHints":{"allow":["GET"]}}],"collection":[{"href":"https:\/\/www.jolleeness.com\/de\/wp-json\/wp\/v2\/product"}],"about":[{"href":"https:\/\/www.jolleeness.com\/de\/wp-json\/wp\/v2\/types\/product"}],"replies":[{"embeddable":true,"href":"https:\/\/www.jolleeness.com\/de\/wp-json\/wp\/v2\/comments?post=4633"}],"wp:featuredmedia":[{"embeddable":true,"href":"https:\/\/www.jolleeness.com\/de\/wp-json\/wp\/v2\/media\/4629"}],"wp:attachment":[{"href":"https:\/\/www.jolleeness.com\/de\/wp-json\/wp\/v2\/media?parent=4633"}],"wp:term":[{"taxonomy":"product_brand","embeddable":true,"href":"https:\/\/www.jolleeness.com\/de\/wp-json\/wp\/v2\/product_brand?post=4633"},{"taxonomy":"product_cat","embeddable":true,"href":"https:\/\/www.jolleeness.com\/de\/wp-json\/wp\/v2\/product_cat?post=4633"},{"taxonomy":"product_tag","embeddable":true,"href":"https:\/\/www.jolleeness.com\/de\/wp-json\/wp\/v2\/product_tag?post=4633"}],"curies":[{"name":"wp","href":"https:\/\/api.w.org\/{rel}","templated":true}]}}