{"id":364,"date":"2021-09-22T15:59:26","date_gmt":"2021-09-22T15:59:26","guid":{"rendered":"https:\/\/www.jolleeness.com\/?page_id=364"},"modified":"2022-03-15T21:48:23","modified_gmt":"2022-03-15T21:48:23","slug":"privacy-policy","status":"publish","type":"page","link":"https:\/\/www.jolleeness.com\/it\/privacy-policy\/","title":{"rendered":"PRIVACY &amp; COOKIES"},"content":{"rendered":"<div data-elementor-type=\"wp-page\" data-elementor-id=\"364\" class=\"elementor elementor-364\" data-elementor-post-type=\"page\">\n\t\t\t\t\t\t<section class=\"elementor-section elementor-top-section elementor-element elementor-element-047e9d3 elementor-section-boxed elementor-section-height-default elementor-section-height-default\" data-id=\"047e9d3\" data-element_type=\"section\" data-e-type=\"section\" data-settings=\"{&quot;background_background&quot;:&quot;classic&quot;}\">\n\t\t\t\t\t\t\t<div class=\"elementor-background-overlay\"><\/div>\n\t\t\t\t\t\t\t<div class=\"elementor-container elementor-column-gap-default\">\n\t\t\t\t\t<div class=\"elementor-column elementor-col-100 elementor-top-column elementor-element elementor-element-187b7e7\" data-id=\"187b7e7\" data-element_type=\"column\" data-e-type=\"column\">\n\t\t\t<div class=\"elementor-widget-wrap elementor-element-populated\">\n\t\t\t\t\t\t<div class=\"elementor-element elementor-element-000d143 elementor-widget-divider--view-line_text elementor-widget elementor-widget-divider\" data-id=\"000d143\" data-element_type=\"widget\" data-e-type=\"widget\" data-widget_type=\"divider.default\">\n\t\t\t\t<div class=\"elementor-widget-container\">\n\t\t\t\t\t\t\t<div class=\"elementor-divider\">\n\t\t\t<span class=\"elementor-divider-separator\">\n\t\t\t\t\t\t\t<span class=\"elementor-divider__text elementor-divider__element\">\n\t\t\t\tPRIVACY &amp; COOKIES\t\t\t\t<\/span>\n\t\t\t\t\t\t<\/span>\n\t\t<\/div>\n\t\t\t\t\t\t<\/div>\n\t\t\t\t<\/div>\n\t\t\t\t<div class=\"elementor-element elementor-element-44e9bab elementor-widget elementor-widget-text-editor\" data-id=\"44e9bab\" data-element_type=\"widget\" data-e-type=\"widget\" data-widget_type=\"text-editor.default\">\n\t\t\t\t<div class=\"elementor-widget-container\">\n\t\t\t\t\t\t\t\t\t<p style=\"text-align: left;\"><b>GELOSITA'<\/b><\/p><p style=\"margin-bottom: 20px; color: #666666; font-family: 'Helvetica Neue', Helvetica, Arial, sans-serif; font-size: 14px; font-style: normal; font-weight: 400; text-align: start;\">In Jolleeness, accessibile da www.jolleeness.com, una delle nostre principali priorit\u00e0 \u00e8 la privacy dei nostri visitatori. Questo documento sulla privacy contiene i tipi di informazioni che vengono raccolte e registrate da Jolleeness e il modo in cui vengono utilizzate.<\/p><p style=\"margin-bottom: 20px; color: #666666; font-family: 'Helvetica Neue', Helvetica, Arial, sans-serif; font-size: 14px; font-style: normal; font-weight: 400; text-align: start;\">Se avete ulteriori domande o desiderate maggiori informazioni sulla nostra Politica sulla privacy, non esitate a contattarci.<\/p><p style=\"margin-bottom: 20px; color: #666666; font-family: 'Helvetica Neue', Helvetica, Arial, sans-serif; font-size: 14px; font-style: normal; font-weight: 400; text-align: start;\">La presente Informativa sulla privacy si applica solo alle nostre attivit\u00e0 online ed \u00e8 valida per i visitatori del nostro sito web per quanto riguarda le informazioni che hanno condiviso e\/o raccolto in Jolleeness. Questa politica non \u00e8 applicabile a qualsiasi informazione raccolta offline o tramite canali diversi da questo sito web. La nostra Informativa sulla privacy \u00e8 stata creata con l'aiuto della\u00a0<a style=\"color: #666666; text-decoration-line: none;\" href=\"https:\/\/www.privacypolicygenerator.info\/\">Generatore gratuito di norme sulla privacy<\/a>.<\/p><h2 style=\"font-family: 'Helvetica Neue', Helvetica, Arial, sans-serif; line-height: 1.1; color: #666666; margin-bottom: 18px; font-size: 16px; font-style: normal; text-align: start;\"><b>Consenso<\/b><\/h2><p style=\"margin-bottom: 20px; color: #666666; font-family: 'Helvetica Neue', Helvetica, Arial, sans-serif; font-size: 14px; font-style: normal; font-weight: 400; text-align: start;\">Utilizzando il nostro sito web, l'utente acconsente alla nostra Informativa sulla privacy e ne accetta i termini.<\/p><h2 style=\"font-family: 'Helvetica Neue', Helvetica, Arial, sans-serif; line-height: 1.1; color: #666666; margin-bottom: 18px; font-size: 16px; font-style: normal; text-align: start;\"><b>Informazioni raccolte<\/b><\/h2><p style=\"margin-bottom: 20px; color: #666666; font-family: 'Helvetica Neue', Helvetica, Arial, sans-serif; font-size: 14px; font-style: normal; font-weight: 400; text-align: start;\">I dati personali che vi vengono richiesti e i motivi per cui vi vengono richiesti vi saranno resi noti nel momento in cui vi chiediamo di fornire i vostri dati personali.<\/p><p style=\"margin-bottom: 20px; color: #666666; font-family: 'Helvetica Neue', Helvetica, Arial, sans-serif; font-size: 14px; font-style: normal; font-weight: 400; text-align: start;\">Se ci contattate direttamente, potremmo ricevere ulteriori informazioni su di voi, come il vostro nome, l'indirizzo e-mail, il numero di telefono, il contenuto del messaggio e\/o degli allegati che ci inviate e qualsiasi altra informazione che decidiate di fornirci.<\/p><p style=\"margin-bottom: 20px; color: #666666; font-family: 'Helvetica Neue', Helvetica, Arial, sans-serif; font-size: 14px; font-style: normal; font-weight: 400; text-align: start;\">Quando l'utente si registra per un Account, potremmo richiedere le sue informazioni di contatto, tra cui nome, ragione sociale, indirizzo, indirizzo e-mail e numero di telefono.<\/p><h2 style=\"font-family: 'Helvetica Neue', Helvetica, Arial, sans-serif; line-height: 1.1; color: #666666; margin-bottom: 18px; font-size: 16px; font-style: normal; text-align: start;\"><b>Come utilizziamo le vostre informazioni<\/b><\/h2><p style=\"margin-bottom: 20px; color: #666666; font-family: 'Helvetica Neue', Helvetica, Arial, sans-serif; font-size: 14px; font-style: normal; font-weight: 400; text-align: start;\">Utilizziamo le informazioni raccolte in vari modi, tra cui per:<\/p><ul style=\"margin-bottom: 10px; color: #666666; font-family: 'Helvetica Neue', Helvetica, Arial, sans-serif; font-size: 14px; font-style: normal; font-weight: 400; text-align: start;\"><li>Fornire, gestire e mantenere il nostro sito web<\/li><li>Migliorare, personalizzare ed espandere il nostro sito web<\/li><li>Capire e analizzare il modo in cui l'utente utilizza il nostro sito web<\/li><li>Sviluppare nuovi prodotti, servizi, caratteristiche e funzionalit\u00e0.<\/li><li>Comunicare con voi, direttamente o tramite uno dei nostri partner, anche per il servizio clienti, per fornirvi aggiornamenti e altre informazioni relative al sito web e per scopi di marketing e promozionali.<\/li><li>Inviarvi e-mail<\/li><li>Individuare e prevenire le frodi<\/li><\/ul><h2 style=\"font-family: 'Helvetica Neue', Helvetica, Arial, sans-serif; font-weight: 400; line-height: 1.1; color: #666666; margin-bottom: 18px; font-size: 16px; font-style: normal; text-align: start;\">\u00a0<\/h2><h2 style=\"font-family: 'Helvetica Neue', Helvetica, Arial, sans-serif; line-height: 1.1; color: #666666; margin-bottom: 18px; font-size: 16px; font-style: normal; text-align: start;\"><b>File di registro<\/b><\/h2><p style=\"margin-bottom: 20px; color: #666666; font-family: 'Helvetica Neue', Helvetica, Arial, sans-serif; font-size: 14px; font-style: normal; font-weight: 400; text-align: start;\">Jolleeness segue una procedura standard di utilizzo dei file di log. Questi file registrano i visitatori quando visitano i siti web. Tutte le societ\u00e0 di hosting lo fanno e fanno parte dell'analisi dei servizi di hosting. Le informazioni raccolte dai file di registro includono gli indirizzi di protocollo Internet (IP), il tipo di browser, il provider di servizi Internet (ISP), la data e l'ora, le pagine di riferimento\/uscita e, eventualmente, il numero di clic. Questi dati non sono collegati ad alcuna informazione di identificazione personale. Lo scopo di queste informazioni \u00e8 l'analisi delle tendenze, l'amministrazione del sito, il monitoraggio dei movimenti degli utenti sul sito e la raccolta di informazioni demografiche.<\/p><h2 style=\"font-family: 'Helvetica Neue', Helvetica, Arial, sans-serif; line-height: 1.1; color: #666666; margin-bottom: 18px; font-size: 16px; font-style: normal; text-align: start;\"><b>Cookie e Web Beacon<\/b><\/h2><p style=\"margin-bottom: 20px; color: #666666; font-family: 'Helvetica Neue', Helvetica, Arial, sans-serif; font-size: 14px; font-style: normal; font-weight: 400; text-align: start;\">Come qualsiasi altro sito web, Jolleeness utilizza i \"cookie\". Questi cookie vengono utilizzati per memorizzare informazioni tra cui le preferenze dei visitatori e le pagine del sito web che il visitatore ha visitato. Le informazioni vengono utilizzate per ottimizzare l'esperienza degli utenti, personalizzando il contenuto delle nostre pagine web in base al tipo di browser dei visitatori e\/o ad altre informazioni.<\/p><p style=\"margin-bottom: 20px; color: #666666; font-family: 'Helvetica Neue', Helvetica, Arial, sans-serif; font-size: 14px; font-style: normal; font-weight: 400; text-align: start;\">Per ulteriori informazioni generali sui cookie, leggere\u00a0<a style=\"color: #666666; text-decoration-line: none;\" href=\"https:\/\/www.generateprivacypolicy.com\/#cookies\">Articolo \"Cookie\" dal Generatore di Norme sulla Privacy<\/a>.<\/p><h2 style=\"font-family: 'Helvetica Neue', Helvetica, Arial, sans-serif; line-height: 1.1; color: #666666; margin-bottom: 18px; font-size: 16px; font-style: normal; text-align: start;\"><b>Cookie DART di Google DoubleClick<\/b><\/h2><p style=\"margin-bottom: 20px; color: #666666; font-family: 'Helvetica Neue', Helvetica, Arial, sans-serif; font-size: 14px; font-style: normal; font-weight: 400; text-align: start;\">Google \u00e8 uno dei fornitori terzi del nostro sito. Utilizza anche cookie, noti come cookie DART, per pubblicare annunci per i visitatori del nostro sito in base alla loro visita a www.website.com e ad altri siti Internet. Tuttavia, i visitatori possono scegliere di rifiutare l'uso dei cookie DART visitando l'informativa sulla privacy della rete pubblicitaria e dei contenuti di Google al seguente URL.\u00a0<a style=\"color: #666666; text-decoration-line: none;\" href=\"https:\/\/policies.google.com\/technologies\/ads\">https:\/\/policies.google.com\/technologies\/ads<\/a><\/p><h2 style=\"font-family: 'Helvetica Neue', Helvetica, Arial, sans-serif; line-height: 1.1; color: #666666; margin-bottom: 18px; font-size: 16px; font-style: normal; text-align: start;\"><b>Partner pubblicitari Informativa sulla privacy<\/b><\/h2><p style=\"margin-bottom: 20px; color: #666666; font-family: 'Helvetica Neue', Helvetica, Arial, sans-serif; font-size: 14px; font-style: normal; font-weight: 400; text-align: start;\">L'utente pu\u00f2 consultare questo elenco per trovare l'informativa sulla privacy di ciascuno dei partner pubblicitari di Jolleeness.<\/p><p style=\"margin-bottom: 20px; color: #666666; font-family: 'Helvetica Neue', Helvetica, Arial, sans-serif; font-size: 14px; font-style: normal; font-weight: 400; text-align: start;\">I server pubblicitari di terze parti o le reti pubblicitarie utilizzano tecnologie come cookie, JavaScript o Web Beacon che vengono utilizzati nei rispettivi annunci e link che appaiono su Jolleeness e che vengono inviati direttamente al browser degli utenti. In questo caso ricevono automaticamente il vostro indirizzo IP. Queste tecnologie vengono utilizzate per misurare l'efficacia delle loro campagne pubblicitarie e\/o per personalizzare il contenuto pubblicitario visualizzato sui siti web visitati.<\/p><p style=\"margin-bottom: 20px; color: #666666; font-family: 'Helvetica Neue', Helvetica, Arial, sans-serif; font-size: 14px; font-style: normal; font-weight: 400; text-align: start;\">Si noti che Jolleeness non ha accesso o controllo su questi cookie utilizzati da inserzionisti terzi.<\/p><h2 style=\"font-family: 'Helvetica Neue', Helvetica, Arial, sans-serif; line-height: 1.1; color: #666666; margin-bottom: 18px; font-size: 16px; font-style: normal; text-align: start;\"><b>Politiche sulla privacy di terzi<\/b><\/h2><p style=\"margin-bottom: 20px; color: #666666; font-family: 'Helvetica Neue', Helvetica, Arial, sans-serif; font-size: 14px; font-style: normal; font-weight: 400; text-align: start;\">La politica sulla privacy di Jolleeness non si applica ad altri inserzionisti o siti web. Pertanto, vi consigliamo di consultare le rispettive politiche sulla privacy di questi server pubblicitari di terze parti per informazioni pi\u00f9 dettagliate. Queste possono includere le loro pratiche e le istruzioni su come rinunciare a determinate opzioni.<\/p><p style=\"margin-bottom: 20px; color: #666666; font-family: 'Helvetica Neue', Helvetica, Arial, sans-serif; font-size: 14px; font-style: normal; font-weight: 400; text-align: start;\">\u00c8 possibile scegliere di disabilitare i cookie attraverso le opzioni del proprio browser. Per informazioni pi\u00f9 dettagliate sulla gestione dei cookie con specifici browser web, \u00e8 possibile consultare i rispettivi siti web.<\/p><h2 style=\"font-family: 'Helvetica Neue', Helvetica, Arial, sans-serif; line-height: 1.1; color: #666666; margin-bottom: 18px; font-size: 16px; font-style: normal; text-align: start;\"><b>Diritti alla privacy CCPA (non vendere le mie informazioni personali)<\/b><\/h2><p style=\"margin-bottom: 20px; color: #666666; font-family: 'Helvetica Neue', Helvetica, Arial, sans-serif; font-size: 14px; font-style: normal; font-weight: 400; text-align: start;\">Ai sensi del CCPA, tra gli altri diritti, i consumatori californiani hanno il diritto di:<\/p><p style=\"margin-bottom: 20px; color: #666666; font-family: 'Helvetica Neue', Helvetica, Arial, sans-serif; font-size: 14px; font-style: normal; font-weight: 400; text-align: start;\">Richiedere che un'azienda che raccoglie i dati personali di un consumatore divulghi le categorie e i dati personali specifici che l'azienda ha raccolto sui consumatori.<\/p><p style=\"margin-bottom: 20px; color: #666666; font-family: 'Helvetica Neue', Helvetica, Arial, sans-serif; font-size: 14px; font-style: normal; font-weight: 400; text-align: start;\">Richiedere che un'azienda cancelli tutti i dati personali del consumatore che ha raccolto.<\/p><p style=\"margin-bottom: 20px; color: #666666; font-family: 'Helvetica Neue', Helvetica, Arial, sans-serif; font-size: 14px; font-style: normal; font-weight: 400; text-align: start;\">Richiedere che un'azienda che vende i dati personali di un consumatore non venda i dati personali del consumatore.<\/p><p style=\"margin-bottom: 20px; color: #666666; font-family: 'Helvetica Neue', Helvetica, Arial, sans-serif; font-size: 14px; font-style: normal; font-weight: 400; text-align: start;\">In caso di richiesta, abbiamo un mese di tempo per rispondere. Se desiderate esercitare uno di questi diritti, contattateci.<\/p><h2 style=\"font-family: 'Helvetica Neue', Helvetica, Arial, sans-serif; line-height: 1.1; color: #666666; margin-bottom: 18px; font-size: 16px; font-style: normal; text-align: start;\"><b>Diritti di protezione dei dati GDPR<\/b><\/h2><p style=\"margin-bottom: 20px; color: #666666; font-family: 'Helvetica Neue', Helvetica, Arial, sans-serif; font-size: 14px; font-style: normal; font-weight: 400; text-align: start;\">Desideriamo assicurarci che l'utente sia pienamente consapevole di tutti i suoi diritti in materia di protezione dei dati. Ogni utente ha diritto a quanto segue:<\/p><p style=\"margin-bottom: 20px; color: #666666; font-family: 'Helvetica Neue', Helvetica, Arial, sans-serif; font-size: 14px; font-style: normal; font-weight: 400; text-align: start;\">Diritto di accesso - Avete il diritto di richiedere copie dei vostri dati personali. Potremmo addebitarvi un piccolo costo per questo servizio.<\/p><p style=\"margin-bottom: 20px; color: #666666; font-family: 'Helvetica Neue', Helvetica, Arial, sans-serif; font-size: 14px; font-style: normal; font-weight: 400; text-align: start;\">Diritto di rettifica - L'utente ha il diritto di richiedere la correzione delle informazioni che ritiene inesatte. Ha inoltre il diritto di richiedere che vengano completate le informazioni che ritiene incomplete.<\/p><p style=\"margin-bottom: 20px; color: #666666; font-family: 'Helvetica Neue', Helvetica, Arial, sans-serif; font-size: 14px; font-style: normal; font-weight: 400; text-align: start;\">Diritto alla cancellazione - Avete il diritto di richiedere la cancellazione dei vostri dati personali, a determinate condizioni.<\/p><p style=\"margin-bottom: 20px; color: #666666; font-family: 'Helvetica Neue', Helvetica, Arial, sans-serif; font-size: 14px; font-style: normal; font-weight: 400; text-align: start;\">Diritto di limitare l'elaborazione - Avete il diritto di richiedere la limitazione dell'elaborazione dei vostri dati personali, a determinate condizioni.<\/p><p style=\"margin-bottom: 20px; color: #666666; font-family: 'Helvetica Neue', Helvetica, Arial, sans-serif; font-size: 14px; font-style: normal; font-weight: 400; text-align: start;\">Diritto di opposizione al trattamento - Avete il diritto di opporvi al trattamento dei vostri dati personali da parte nostra, a determinate condizioni.<\/p><p style=\"margin-bottom: 20px; color: #666666; font-family: 'Helvetica Neue', Helvetica, Arial, sans-serif; font-size: 14px; font-style: normal; font-weight: 400; text-align: start;\">Diritto alla portabilit\u00e0 dei dati - L'utente ha il diritto di richiedere il trasferimento dei dati da noi raccolti a un'altra organizzazione o direttamente a lui, a determinate condizioni.<\/p><p style=\"margin-bottom: 20px; color: #666666; font-family: 'Helvetica Neue', Helvetica, Arial, sans-serif; font-size: 14px; font-style: normal; font-weight: 400; text-align: start;\">In caso di richiesta, abbiamo un mese di tempo per rispondere. Se desiderate esercitare uno di questi diritti, contattateci.<\/p><h2 style=\"font-family: 'Helvetica Neue', Helvetica, Arial, sans-serif; line-height: 1.1; color: #666666; margin-bottom: 18px; font-size: 16px; font-style: normal; text-align: start;\"><b>Informazioni sui bambini<\/b><\/h2><p style=\"margin-bottom: 20px; color: #666666; font-family: 'Helvetica Neue', Helvetica, Arial, sans-serif; font-size: 14px; font-style: normal; font-weight: 400; text-align: start;\">Un'altra parte della nostra priorit\u00e0 \u00e8 l'aggiunta di una protezione per i bambini durante l'utilizzo di Internet. Incoraggiamo genitori e tutori a osservare, partecipare e\/o monitorare e guidare la loro attivit\u00e0 online.<\/p><p style=\"margin-bottom: 20px; color: #666666; font-family: 'Helvetica Neue', Helvetica, Arial, sans-serif; font-size: 14px; font-style: normal; font-weight: 400; text-align: start;\">Jolleeness non raccoglie consapevolmente alcuna informazione di identificazione personale da bambini di et\u00e0 inferiore ai 16 anni. Se pensate che vostro figlio abbia fornito questo tipo di informazioni sul nostro sito web, vi invitiamo a contattarci immediatamente e faremo del nostro meglio per rimuovere prontamente tali informazioni dai nostri archivi.<\/p><p style=\"margin-bottom: 20px; color: #666666; font-family: 'Helvetica Neue', Helvetica, Arial, sans-serif; font-size: 14px; font-style: normal; font-weight: 400; text-align: start;\">\u00a0<\/p><p style=\"margin-bottom: 20px; color: #666666; font-family: 'Helvetica Neue', Helvetica, Arial, sans-serif; font-size: 14px; font-style: normal; font-weight: 400; text-align: start;\">\u00a0<\/p>\t\t\t\t\t\t\t\t<\/div>\n\t\t\t\t<\/div>\n\t\t\t\t\t<\/div>\n\t\t<\/div>\n\t\t\t\t\t<\/div>\n\t\t<\/section>\n\t\t\t\t<\/div>","protected":false},"excerpt":{"rendered":"<p>PRIVACY POLICY JOLLEENESS At Jolleeness, accessible from www.jolleeness.com, one of our main priorities is the privacy of our visitors. This Privacy Policy document contains types of information that is collected and recorded by Jolleeness and how we use it. If you have additional questions or require more information about our Privacy Policy, do not hesitate [&hellip;]<\/p>\n","protected":false},"author":1,"featured_media":0,"parent":0,"menu_order":0,"comment_status":"closed","ping_status":"closed","template":"elementor_theme","meta":{"site-sidebar-layout":"no-sidebar","site-content-layout":"page-builder","ast-site-content-layout":"","site-content-style":"default","site-sidebar-style":"default","ast-global-header-display":"","ast-banner-title-visibility":"","ast-main-header-display":"","ast-hfb-above-header-display":"","ast-hfb-below-header-display":"","ast-hfb-mobile-header-display":"","site-post-title":"disabled","ast-breadcrumbs-content":"","ast-featured-img":"","footer-sml-layout":"","theme-transparent-header-meta":"default","adv-header-id-meta":"","stick-header-meta":"","header-above-stick-meta":"","header-main-stick-meta":"","header-below-stick-meta":"","astra-migrate-meta-layouts":"default","ast-page-background-enabled":"default","ast-page-background-meta":{"desktop":{"background-color":"var(--ast-global-color-4)","background-image":"","background-repeat":"repeat","background-position":"center center","background-size":"auto","background-attachment":"scroll","background-type":"","background-media":"","overlay-type":"","overlay-color":"","overlay-opacity":"","overlay-gradient":""},"tablet":{"background-color":"","background-image":"","background-repeat":"repeat","background-position":"center center","background-size":"auto","background-attachment":"scroll","background-type":"","background-media":"","overlay-type":"","overlay-color":"","overlay-opacity":"","overlay-gradient":""},"mobile":{"background-color":"","background-image":"","background-repeat":"repeat","background-position":"center center","background-size":"auto","background-attachment":"scroll","background-type":"","background-media":"","overlay-type":"","overlay-color":"","overlay-opacity":"","overlay-gradient":""}},"ast-content-background-meta":{"desktop":{"background-color":"var(--ast-global-color-5)","background-image":"","background-repeat":"repeat","background-position":"center center","background-size":"auto","background-attachment":"scroll","background-type":"","background-media":"","overlay-type":"","overlay-color":"","overlay-opacity":"","overlay-gradient":""},"tablet":{"background-color":"var(--ast-global-color-5)","background-image":"","background-repeat":"repeat","background-position":"center center","background-size":"auto","background-attachment":"scroll","background-type":"","background-media":"","overlay-type":"","overlay-color":"","overlay-opacity":"","overlay-gradient":""},"mobile":{"background-color":"var(--ast-global-color-5)","background-image":"","background-repeat":"repeat","background-position":"center center","background-size":"auto","background-attachment":"scroll","background-type":"","background-media":"","overlay-type":"","overlay-color":"","overlay-opacity":"","overlay-gradient":""}},"footnotes":""},"class_list":["post-364","page","type-page","status-publish","hentry"],"jetpack_sharing_enabled":true,"_links":{"self":[{"href":"https:\/\/www.jolleeness.com\/it\/wp-json\/wp\/v2\/pages\/364","targetHints":{"allow":["GET"]}}],"collection":[{"href":"https:\/\/www.jolleeness.com\/it\/wp-json\/wp\/v2\/pages"}],"about":[{"href":"https:\/\/www.jolleeness.com\/it\/wp-json\/wp\/v2\/types\/page"}],"author":[{"embeddable":true,"href":"https:\/\/www.jolleeness.com\/it\/wp-json\/wp\/v2\/users\/1"}],"replies":[{"embeddable":true,"href":"https:\/\/www.jolleeness.com\/it\/wp-json\/wp\/v2\/comments?post=364"}],"version-history":[{"count":0,"href":"https:\/\/www.jolleeness.com\/it\/wp-json\/wp\/v2\/pages\/364\/revisions"}],"wp:attachment":[{"href":"https:\/\/www.jolleeness.com\/it\/wp-json\/wp\/v2\/media?parent=364"}],"curies":[{"name":"wp","href":"https:\/\/api.w.org\/{rel}","templated":true}]}}